{"id":152,"date":"2020-09-07T02:49:53","date_gmt":"2020-09-07T02:49:53","guid":{"rendered":"https:\/\/aminoulaouali.com\/?page_id=152"},"modified":"2024-10-01T16:15:25","modified_gmt":"2024-10-01T16:15:25","slug":"accueil","status":"publish","type":"page","link":"https:\/\/aminoulaouali.com\/","title":{"rendered":"Accueil"},"content":{"rendered":"\t\t<div data-elementor-type=\"wp-page\" data-elementor-id=\"152\" class=\"elementor elementor-152\" data-elementor-post-type=\"page\">\n\t\t\t\t\t\t<section data-particle_enable=\"false\" data-particle-mobile-disabled=\"false\" class=\"elementor-section elementor-top-section elementor-element elementor-element-f30b0e2 elementor-section-boxed elementor-section-height-default elementor-section-height-default\" data-id=\"f30b0e2\" data-element_type=\"section\">\n\t\t\t\t\t\t<div class=\"elementor-container elementor-column-gap-default\">\n\t\t\t\t\t<div class=\"elementor-column elementor-col-50 elementor-top-column elementor-element elementor-element-6a3918f\" data-id=\"6a3918f\" data-element_type=\"column\">\n\t\t\t<div class=\"elementor-widget-wrap elementor-element-populated\">\n\t\t\t\t\t\t<div class=\"elementor-element elementor-element-879cee4 elementor-widget elementor-widget-spacer\" data-id=\"879cee4\" data-element_type=\"widget\" data-widget_type=\"spacer.default\">\n\t\t\t\t<div class=\"elementor-widget-container\">\n\t\t\t\t\t\t\t<div class=\"elementor-spacer\">\n\t\t\t<div class=\"elementor-spacer-inner\"><\/div>\n\t\t<\/div>\n\t\t\t\t\t\t<\/div>\n\t\t\t\t<\/div>\n\t\t\t\t\t<\/div>\n\t\t<\/div>\n\t\t\t\t<div class=\"elementor-column elementor-col-50 elementor-top-column elementor-element elementor-element-e85fa21\" data-id=\"e85fa21\" data-element_type=\"column\">\n\t\t\t<div class=\"elementor-widget-wrap elementor-element-populated\">\n\t\t\t\t\t\t<div class=\"elementor-element elementor-element-ee8825f elementor-widget elementor-widget-spacer\" data-id=\"ee8825f\" data-element_type=\"widget\" data-widget_type=\"spacer.default\">\n\t\t\t\t<div class=\"elementor-widget-container\">\n\t\t\t\t\t\t\t<div class=\"elementor-spacer\">\n\t\t\t<div class=\"elementor-spacer-inner\"><\/div>\n\t\t<\/div>\n\t\t\t\t\t\t<\/div>\n\t\t\t\t<\/div>\n\t\t\t\t\t<\/div>\n\t\t<\/div>\n\t\t\t\t\t<\/div>\n\t\t<\/section>\n\t\t\t\t<section data-particle_enable=\"false\" data-particle-mobile-disabled=\"false\" class=\"elementor-section elementor-top-section elementor-element elementor-element-79e48fe elementor-section-boxed elementor-section-height-default elementor-section-height-default\" data-id=\"79e48fe\" data-element_type=\"section\">\n\t\t\t\t\t\t<div class=\"elementor-container elementor-column-gap-default\">\n\t\t\t\t\t<div class=\"elementor-column elementor-col-100 elementor-top-column elementor-element elementor-element-014662d\" data-id=\"014662d\" data-element_type=\"column\">\n\t\t\t<div class=\"elementor-widget-wrap elementor-element-populated\">\n\t\t\t\t\t\t<div class=\"elementor-element elementor-element-974e2ff elementor-widget elementor-widget-text-editor\" data-id=\"974e2ff\" data-element_type=\"widget\" data-widget_type=\"text-editor.default\">\n\t\t\t\t<div class=\"elementor-widget-container\">\n\t\t\t\t\t\t\t\t\t<p>Derni\u00e8re mise \u00e0 jour : 21\/07\/2024.<\/p>\t\t\t\t\t\t\t\t<\/div>\n\t\t\t\t<\/div>\n\t\t\t\t<div class=\"elementor-element elementor-element-cb9145a elementor-widget elementor-widget-heading\" data-id=\"cb9145a\" data-element_type=\"widget\" data-widget_type=\"heading.default\">\n\t\t\t\t<div class=\"elementor-widget-container\">\n\t\t\t\t\t<h1 class=\"elementor-heading-title elementor-size-default\"><span style=\"font-family: var(--cs-font-headings-family), sans-serif;font-size: 4.875rem;letter-spacing: var(--cs-font-headings-letter-spacing);text-transform: var(--cs-font-headings-text-transform);color: var(--cs-color-primary);font-style: var(--cs-font-base-style)\">Bienvenue !<\/span><br>Welcome !<br>Marhaba !<br>Sannu !<\/h1>\t\t\t\t<\/div>\n\t\t\t\t<\/div>\n\t\t\t\t<div class=\"elementor-element elementor-element-a168f94 elementor-widget elementor-widget-text-editor\" data-id=\"a168f94\" data-element_type=\"widget\" data-widget_type=\"text-editor.default\">\n\t\t\t\t<div class=\"elementor-widget-container\">\n\t\t\t\t\t\t\t\t\t<p>Je suis\u00a0<span style=\"color: var(--cs-color-primary); font-family: var(--cs-font-base-family), sans-serif; font-style: var(--cs-font-base-style); letter-spacing: var(--cs-font-base-letter-spacing);\">C.E.O de KPB Education (Karatou Post-Bac), Vice-Pr\u00e9sident de l&#8217;Association Karatou Pour Tous, et <\/span><span style=\"color: var(--cs-color-primary); font-family: var(--cs-font-base-family), sans-serif; font-style: var(--cs-font-base-style); letter-spacing: var(--cs-font-base-letter-spacing);\">Ing\u00e9nieur en Data Science.<\/span><\/p>\t\t\t\t\t\t\t\t<\/div>\n\t\t\t\t<\/div>\n\t\t\t\t\t<\/div>\n\t\t<\/div>\n\t\t\t\t\t<\/div>\n\t\t<\/section>\n\t\t\t\t<section data-particle_enable=\"false\" data-particle-mobile-disabled=\"false\" class=\"elementor-section elementor-top-section elementor-element elementor-element-07fdfe4 elementor-section-boxed elementor-section-height-default elementor-section-height-default\" data-id=\"07fdfe4\" data-element_type=\"section\" data-settings=\"{&quot;background_background&quot;:&quot;classic&quot;}\">\n\t\t\t\t\t\t<div class=\"elementor-container elementor-column-gap-no\">\n\t\t\t\t\t<div class=\"elementor-column elementor-col-100 elementor-top-column elementor-element elementor-element-a39942c\" data-id=\"a39942c\" data-element_type=\"column\">\n\t\t\t<div class=\"elementor-widget-wrap elementor-element-populated\">\n\t\t\t\t\t\t<div class=\"elementor-element elementor-element-3831204 elementor-widget elementor-widget-heading\" data-id=\"3831204\" data-element_type=\"widget\" data-widget_type=\"heading.default\">\n\t\t\t\t<div class=\"elementor-widget-container\">\n\t\t\t\t\t<h4 class=\"elementor-heading-title elementor-size-default\">Derni\u00e8res Lectures<\/h4>\t\t\t\t<\/div>\n\t\t\t\t<\/div>\n\t\t\t\t\t<\/div>\n\t\t<\/div>\n\t\t\t\t\t<\/div>\n\t\t<\/section>\n\t\t\t\t<section data-particle_enable=\"false\" data-particle-mobile-disabled=\"false\" class=\"elementor-section elementor-top-section elementor-element elementor-element-2ac85bf elementor-section-boxed elementor-section-height-default elementor-section-height-default\" data-id=\"2ac85bf\" data-element_type=\"section\">\n\t\t\t\t\t\t<div class=\"elementor-container elementor-column-gap-default\">\n\t\t\t\t\t<div class=\"elementor-column elementor-col-33 elementor-top-column elementor-element elementor-element-42d96b0\" data-id=\"42d96b0\" data-element_type=\"column\">\n\t\t\t<div class=\"elementor-widget-wrap elementor-element-populated\">\n\t\t\t\t\t\t<div class=\"elementor-element elementor-element-d123ab9 elementor-widget elementor-widget-image\" data-id=\"d123ab9\" data-element_type=\"widget\" data-widget_type=\"image.default\">\n\t\t\t\t<div class=\"elementor-widget-container\">\n\t\t\t\t\t\t\t\t\t\t\t\t<figure class=\"wp-caption\">\n\t\t\t\t\t\t\t\t\t\t\t<a href=\"https:\/\/aminou.notion.site\/The-Go-Giver-A-little-Story-About-a-Powerful-Business-Idea-deeaf728a8744af7b10488b0b8199351?pvs=4\">\n\t\t\t\t\t\t\t<img fetchpriority=\"high\" decoding=\"async\" width=\"195\" height=\"300\" src=\"https:\/\/aminoulaouali.com\/wp-content\/uploads\/2023\/03\/81uT6yqNnUL-195x300.jpg\" class=\"attachment-medium size-medium wp-image-3436\" alt=\"\" srcset=\"https:\/\/aminoulaouali.com\/wp-content\/uploads\/2023\/03\/81uT6yqNnUL-195x300.jpg 195w, https:\/\/aminoulaouali.com\/wp-content\/uploads\/2023\/03\/81uT6yqNnUL-667x1024.jpg 667w, https:\/\/aminoulaouali.com\/wp-content\/uploads\/2023\/03\/81uT6yqNnUL-768x1179.jpg 768w, https:\/\/aminoulaouali.com\/wp-content\/uploads\/2023\/03\/81uT6yqNnUL-1000x1536.jpg 1000w, https:\/\/aminoulaouali.com\/wp-content\/uploads\/2023\/03\/81uT6yqNnUL-1334x2048.jpg 1334w, https:\/\/aminoulaouali.com\/wp-content\/uploads\/2023\/03\/81uT6yqNnUL-320x491.jpg 320w, https:\/\/aminoulaouali.com\/wp-content\/uploads\/2023\/03\/81uT6yqNnUL-700x1075.jpg 700w, https:\/\/aminoulaouali.com\/wp-content\/uploads\/2023\/03\/81uT6yqNnUL.jpg 1667w\" sizes=\"(max-width: 195px) 100vw, 195px\" \/>\t\t\t\t\t\t\t\t<\/a>\n\t\t\t\t\t\t\t\t\t\t\t<figcaption class=\"widget-image-caption wp-caption-text\">En Fran\u00e7ais \"L'Effet Philanthropique\"<\/figcaption>\n\t\t\t\t\t\t\t\t\t\t<\/figure>\n\t\t\t\t\t\t\t\t\t<\/div>\n\t\t\t\t<\/div>\n\t\t\t\t\t<\/div>\n\t\t<\/div>\n\t\t\t\t<div class=\"elementor-column elementor-col-33 elementor-top-column elementor-element elementor-element-581b656\" data-id=\"581b656\" data-element_type=\"column\">\n\t\t\t<div class=\"elementor-widget-wrap elementor-element-populated\">\n\t\t\t\t\t\t<div class=\"elementor-element elementor-element-5e50aa5 elementor-widget elementor-widget-image\" data-id=\"5e50aa5\" data-element_type=\"widget\" data-widget_type=\"image.default\">\n\t\t\t\t<div class=\"elementor-widget-container\">\n\t\t\t\t\t\t\t\t\t\t\t\t<figure class=\"wp-caption\">\n\t\t\t\t\t\t\t\t\t\t\t<a href=\"https:\/\/aminou.notion.site\/The-Psychology-of-Money-71dd3c1d1a234e43b947d4c7431aebe9?pvs=4\">\n\t\t\t\t\t\t\t<img decoding=\"async\" width=\"195\" height=\"300\" src=\"https:\/\/aminoulaouali.com\/wp-content\/uploads\/2023\/03\/71g2ednj0JL-195x300.jpg\" class=\"attachment-medium size-medium wp-image-3437\" alt=\"\" srcset=\"https:\/\/aminoulaouali.com\/wp-content\/uploads\/2023\/03\/71g2ednj0JL-195x300.jpg 195w, https:\/\/aminoulaouali.com\/wp-content\/uploads\/2023\/03\/71g2ednj0JL-665x1024.jpg 665w, https:\/\/aminoulaouali.com\/wp-content\/uploads\/2023\/03\/71g2ednj0JL-768x1183.jpg 768w, https:\/\/aminoulaouali.com\/wp-content\/uploads\/2023\/03\/71g2ednj0JL-997x1536.jpg 997w, https:\/\/aminoulaouali.com\/wp-content\/uploads\/2023\/03\/71g2ednj0JL-1329x2048.jpg 1329w, https:\/\/aminoulaouali.com\/wp-content\/uploads\/2023\/03\/71g2ednj0JL-320x493.jpg 320w, https:\/\/aminoulaouali.com\/wp-content\/uploads\/2023\/03\/71g2ednj0JL-700x1078.jpg 700w, https:\/\/aminoulaouali.com\/wp-content\/uploads\/2023\/03\/71g2ednj0JL.jpg 1654w\" sizes=\"(max-width: 195px) 100vw, 195px\" \/>\t\t\t\t\t\t\t\t<\/a>\n\t\t\t\t\t\t\t\t\t\t\t<figcaption class=\"widget-image-caption wp-caption-text\">La Psychologie de L'Argent<\/figcaption>\n\t\t\t\t\t\t\t\t\t\t<\/figure>\n\t\t\t\t\t\t\t\t\t<\/div>\n\t\t\t\t<\/div>\n\t\t\t\t\t<\/div>\n\t\t<\/div>\n\t\t\t\t<div class=\"elementor-column elementor-col-33 elementor-top-column elementor-element elementor-element-898e372\" data-id=\"898e372\" data-element_type=\"column\">\n\t\t\t<div class=\"elementor-widget-wrap elementor-element-populated\">\n\t\t\t\t\t\t<div class=\"elementor-element elementor-element-4507591 elementor-widget elementor-widget-image\" data-id=\"4507591\" data-element_type=\"widget\" data-widget_type=\"image.default\">\n\t\t\t\t<div class=\"elementor-widget-container\">\n\t\t\t\t\t\t\t\t\t\t\t\t<figure class=\"wp-caption\">\n\t\t\t\t\t\t\t\t\t\t<img decoding=\"async\" width=\"184\" height=\"300\" src=\"https:\/\/aminoulaouali.com\/wp-content\/uploads\/2023\/03\/97412-184x300.jpg\" class=\"attachment-medium size-medium wp-image-3438\" alt=\"\" srcset=\"https:\/\/aminoulaouali.com\/wp-content\/uploads\/2023\/03\/97412-184x300.jpg 184w, https:\/\/aminoulaouali.com\/wp-content\/uploads\/2023\/03\/97412.jpg 292w\" sizes=\"(max-width: 184px) 100vw, 184px\" \/>\t\t\t\t\t\t\t\t\t\t\t<figcaption class=\"widget-image-caption wp-caption-text\">Sur la bri\u00e8vet\u00e9 de la vie<\/figcaption>\n\t\t\t\t\t\t\t\t\t\t<\/figure>\n\t\t\t\t\t\t\t\t\t<\/div>\n\t\t\t\t<\/div>\n\t\t\t\t\t<\/div>\n\t\t<\/div>\n\t\t\t\t\t<\/div>\n\t\t<\/section>\n\t\t\t\t<section data-particle_enable=\"false\" data-particle-mobile-disabled=\"false\" class=\"elementor-section elementor-top-section elementor-element elementor-element-1819a27 elementor-section-boxed elementor-section-height-default elementor-section-height-default\" data-id=\"1819a27\" data-element_type=\"section\" data-settings=\"{&quot;background_background&quot;:&quot;classic&quot;}\">\n\t\t\t\t\t\t<div class=\"elementor-container elementor-column-gap-no\">\n\t\t\t\t\t<div class=\"elementor-column elementor-col-100 elementor-top-column elementor-element elementor-element-f2015fe\" data-id=\"f2015fe\" data-element_type=\"column\">\n\t\t\t<div class=\"elementor-widget-wrap elementor-element-populated\">\n\t\t\t\t\t\t<section data-particle_enable=\"false\" data-particle-mobile-disabled=\"false\" class=\"elementor-section elementor-inner-section elementor-element elementor-element-d2d8746 elementor-section-boxed elementor-section-height-default elementor-section-height-default\" data-id=\"d2d8746\" data-element_type=\"section\">\n\t\t\t\t\t\t<div class=\"elementor-container elementor-column-gap-no\">\n\t\t\t\t\t<div class=\"elementor-column elementor-col-50 elementor-inner-column elementor-element elementor-element-39a1c49\" data-id=\"39a1c49\" data-element_type=\"column\">\n\t\t\t<div class=\"elementor-widget-wrap elementor-element-populated\">\n\t\t\t\t\t\t<div class=\"elementor-element elementor-element-e8858ee elementor-widget-divider--view-line_text elementor-widget-divider--element-align-left elementor-widget elementor-widget-divider\" data-id=\"e8858ee\" data-element_type=\"widget\" data-widget_type=\"divider.default\">\n\t\t\t\t<div class=\"elementor-widget-container\">\n\t\t\t\t\t\t\t<div class=\"elementor-divider\">\n\t\t\t<span class=\"elementor-divider-separator\">\n\t\t\t\t\t\t\t<span class=\"elementor-divider__text elementor-divider__element\">\n\t\t\t\tMes Services\t\t\t\t<\/span>\n\t\t\t\t\t\t<\/span>\n\t\t<\/div>\n\t\t\t\t\t\t<\/div>\n\t\t\t\t<\/div>\n\t\t\t\t<div class=\"elementor-element elementor-element-bdbaaf7 elementor-widget elementor-widget-heading\" data-id=\"bdbaaf7\" data-element_type=\"widget\" data-widget_type=\"heading.default\">\n\t\t\t\t<div class=\"elementor-widget-container\">\n\t\t\t\t\t<h2 class=\"elementor-heading-title elementor-size-default\">Je cr\u00e9e du contenu de qualit\u00e9<\/h2>\t\t\t\t<\/div>\n\t\t\t\t<\/div>\n\t\t\t\t\t<\/div>\n\t\t<\/div>\n\t\t\t\t<div class=\"elementor-column elementor-col-50 elementor-inner-column elementor-element elementor-element-a637c4c\" data-id=\"a637c4c\" data-element_type=\"column\">\n\t\t\t<div class=\"elementor-widget-wrap elementor-element-populated\">\n\t\t\t\t\t\t\t<\/div>\n\t\t<\/div>\n\t\t\t\t\t<\/div>\n\t\t<\/section>\n\t\t\t\t<section data-particle_enable=\"false\" data-particle-mobile-disabled=\"false\" class=\"elementor-section elementor-inner-section elementor-element elementor-element-c12cc43 elementor-section-boxed elementor-section-height-default elementor-section-height-default\" data-id=\"c12cc43\" data-element_type=\"section\">\n\t\t\t\t\t\t<div class=\"elementor-container elementor-column-gap-no\">\n\t\t\t\t\t<div class=\"elementor-column elementor-col-33 elementor-inner-column elementor-element elementor-element-531701e\" data-id=\"531701e\" data-element_type=\"column\">\n\t\t\t<div class=\"elementor-widget-wrap elementor-element-populated\">\n\t\t\t\t\t\t<div class=\"elementor-element elementor-element-72225d9 elementor-widget elementor-widget-heading\" data-id=\"72225d9\" data-element_type=\"widget\" data-widget_type=\"heading.default\">\n\t\t\t\t<div class=\"elementor-widget-container\">\n\t\t\t\t\t<h4 class=\"elementor-heading-title elementor-size-default\">Social Media Management<\/h4>\t\t\t\t<\/div>\n\t\t\t\t<\/div>\n\t\t\t\t<div class=\"elementor-element elementor-element-3a11f39 elementor-widget elementor-widget-text-editor\" data-id=\"3a11f39\" data-element_type=\"widget\" data-widget_type=\"text-editor.default\">\n\t\t\t\t<div class=\"elementor-widget-container\">\n\t\t\t\t\t\t\t\t\t<p>Le Social Media Management consiste \u00e0 d\u00e9finir et ex\u00e9cuter la strat\u00e9gie de r\u00e9seaux sociaux d&#8217;une organisation pour d\u00e9velopper sa marque, engager ses audiences et atteindre ses objectifs marketing. C&#8217;est un domaine crucial aujourd&#8217;hui pour le succ\u00e8s de nombreuses entreprises.<\/p>\t\t\t\t\t\t\t\t<\/div>\n\t\t\t\t<\/div>\n\t\t\t\t<div class=\"elementor-element elementor-element-0207e2c elementor-align-left elementor-widget elementor-widget-button\" data-id=\"0207e2c\" data-element_type=\"widget\" data-widget_type=\"button.default\">\n\t\t\t\t<div class=\"elementor-widget-container\">\n\t\t\t\t\t\t\t\t\t<div class=\"elementor-button-wrapper\">\n\t\t\t\t\t<a class=\"elementor-button elementor-button-link elementor-size-sm\" href=\"http:\/\/saharanmedia.com\">\n\t\t\t\t\t\t<span class=\"elementor-button-content-wrapper\">\n\t\t\t\t\t\t<span class=\"elementor-button-icon\">\n\t\t\t\t<i aria-hidden=\"true\" class=\"fas fa-long-arrow-alt-right\"><\/i>\t\t\t<\/span>\n\t\t\t\t\t\t\t\t\t<span class=\"elementor-button-text\">En Savoir Plus<\/span>\n\t\t\t\t\t<\/span>\n\t\t\t\t\t<\/a>\n\t\t\t\t<\/div>\n\t\t\t\t\t\t\t\t<\/div>\n\t\t\t\t<\/div>\n\t\t\t\t\t<\/div>\n\t\t<\/div>\n\t\t\t\t<div class=\"elementor-column elementor-col-33 elementor-inner-column elementor-element elementor-element-92a1c00\" data-id=\"92a1c00\" data-element_type=\"column\">\n\t\t\t<div class=\"elementor-widget-wrap elementor-element-populated\">\n\t\t\t\t\t\t<div class=\"elementor-element elementor-element-a622e17 elementor-widget elementor-widget-heading\" data-id=\"a622e17\" data-element_type=\"widget\" data-widget_type=\"heading.default\">\n\t\t\t\t<div class=\"elementor-widget-container\">\n\t\t\t\t\t<h4 class=\"elementor-heading-title elementor-size-default\">Montage Vid\u00e9o Youtube<\/h4>\t\t\t\t<\/div>\n\t\t\t\t<\/div>\n\t\t\t\t<div class=\"elementor-element elementor-element-cc0c57f elementor-widget elementor-widget-text-editor\" data-id=\"cc0c57f\" data-element_type=\"widget\" data-widget_type=\"text-editor.default\">\n\t\t\t\t<div class=\"elementor-widget-container\">\n\t\t\t\t\t\t\t\t\t<p>Montage vid\u00e9o dynamic de bout en bout pour Youtube.<\/p>\t\t\t\t\t\t\t\t<\/div>\n\t\t\t\t<\/div>\n\t\t\t\t<div class=\"elementor-element elementor-element-c02068b elementor-align-left elementor-widget elementor-widget-button\" data-id=\"c02068b\" data-element_type=\"widget\" data-widget_type=\"button.default\">\n\t\t\t\t<div class=\"elementor-widget-container\">\n\t\t\t\t\t\t\t\t\t<div class=\"elementor-button-wrapper\">\n\t\t\t\t\t<a class=\"elementor-button elementor-button-link elementor-size-sm\" href=\"http:\/\/saharanmedia.com\">\n\t\t\t\t\t\t<span class=\"elementor-button-content-wrapper\">\n\t\t\t\t\t\t<span class=\"elementor-button-icon\">\n\t\t\t\t<i aria-hidden=\"true\" class=\"fas fa-long-arrow-alt-right\"><\/i>\t\t\t<\/span>\n\t\t\t\t\t\t\t\t\t<span class=\"elementor-button-text\">En Savoir Plus<\/span>\n\t\t\t\t\t<\/span>\n\t\t\t\t\t<\/a>\n\t\t\t\t<\/div>\n\t\t\t\t\t\t\t\t<\/div>\n\t\t\t\t<\/div>\n\t\t\t\t\t<\/div>\n\t\t<\/div>\n\t\t\t\t<div class=\"elementor-column elementor-col-33 elementor-inner-column elementor-element elementor-element-11ee490\" data-id=\"11ee490\" data-element_type=\"column\">\n\t\t\t<div class=\"elementor-widget-wrap elementor-element-populated\">\n\t\t\t\t\t\t<div class=\"elementor-element elementor-element-9b4e269 elementor-widget elementor-widget-heading\" data-id=\"9b4e269\" data-element_type=\"widget\" data-widget_type=\"heading.default\">\n\t\t\t\t<div class=\"elementor-widget-container\">\n\t\t\t\t\t<h4 class=\"elementor-heading-title elementor-size-default\">Cr\u00e9ation de Site Web<\/h4>\t\t\t\t<\/div>\n\t\t\t\t<\/div>\n\t\t\t\t<div class=\"elementor-element elementor-element-8f8932d elementor-widget elementor-widget-text-editor\" data-id=\"8f8932d\" data-element_type=\"widget\" data-widget_type=\"text-editor.default\">\n\t\t\t\t<div class=\"elementor-widget-container\">\n\t\t\t\t\t\t\t\t\t<p>En utilisant les nouvelles technologies de low-code et du UX Design, votre site Web en deux temps 3 mouvements.<\/p>\t\t\t\t\t\t\t\t<\/div>\n\t\t\t\t<\/div>\n\t\t\t\t<div class=\"elementor-element elementor-element-62ed262 elementor-align-left elementor-widget elementor-widget-button\" data-id=\"62ed262\" data-element_type=\"widget\" data-widget_type=\"button.default\">\n\t\t\t\t<div class=\"elementor-widget-container\">\n\t\t\t\t\t\t\t\t\t<div class=\"elementor-button-wrapper\">\n\t\t\t\t\t<a class=\"elementor-button elementor-button-link elementor-size-sm\" href=\"http:\/\/saharanmedia.com\">\n\t\t\t\t\t\t<span class=\"elementor-button-content-wrapper\">\n\t\t\t\t\t\t<span class=\"elementor-button-icon\">\n\t\t\t\t<i aria-hidden=\"true\" class=\"fas fa-long-arrow-alt-right\"><\/i>\t\t\t<\/span>\n\t\t\t\t\t\t\t\t\t<span class=\"elementor-button-text\">En Savoir Plus<\/span>\n\t\t\t\t\t<\/span>\n\t\t\t\t\t<\/a>\n\t\t\t\t<\/div>\n\t\t\t\t\t\t\t\t<\/div>\n\t\t\t\t<\/div>\n\t\t\t\t\t<\/div>\n\t\t<\/div>\n\t\t\t\t\t<\/div>\n\t\t<\/section>\n\t\t\t\t\t<\/div>\n\t\t<\/div>\n\t\t\t\t\t<\/div>\n\t\t<\/section>\n\t\t\t\t<\/div>\n\t\t","protected":false},"excerpt":{"rendered":"<p>Derni\u00e8re mise \u00e0 jour : 21\/07\/2024. Bienvenue !Welcome !Marhaba !Sannu ! Je suis\u00a0C.E.O de KPB Education (Karatou Post-Bac), Vice-Pr\u00e9sident de l&#8217;Association Karatou Pour Tous, et Ing\u00e9nieur en Data Science. Derni\u00e8res Lectures En Fran\u00e7ais &#8220;L&#8217;Effet Philanthropique&#8221; La Psychologie de L&#8217;Argent Sur la bri\u00e8vet\u00e9 de la vie Mes Services Je cr\u00e9e du contenu de qualit\u00e9 Social Media [&hellip;]<\/p>\n","protected":false},"author":1,"featured_media":0,"parent":0,"menu_order":0,"comment_status":"closed","ping_status":"closed","template":"elementor_header_footer","meta":{"om_disable_all_campaigns":false,"_monsterinsights_skip_tracking":false,"_monsterinsights_sitenote_active":false,"_monsterinsights_sitenote_note":"","_monsterinsights_sitenote_category":0,"csco_post_video_location":[],"csco_post_video_location_hash":"","csco_post_video_url":"","csco_post_video_bg_start_time":0,"csco_post_video_bg_end_time":0,"csco_post_text_color":"","footnotes":""},"class_list":{"0":"post-152","1":"page","2":"type-page","3":"status-publish","5":"cs-entry","6":"cs-video-wrap"},"aioseo_notices":[],"_links":{"self":[{"href":"https:\/\/aminoulaouali.com\/index.php?rest_route=\/wp\/v2\/pages\/152","targetHints":{"allow":["GET"]}}],"collection":[{"href":"https:\/\/aminoulaouali.com\/index.php?rest_route=\/wp\/v2\/pages"}],"about":[{"href":"https:\/\/aminoulaouali.com\/index.php?rest_route=\/wp\/v2\/types\/page"}],"author":[{"embeddable":true,"href":"https:\/\/aminoulaouali.com\/index.php?rest_route=\/wp\/v2\/users\/1"}],"replies":[{"embeddable":true,"href":"https:\/\/aminoulaouali.com\/index.php?rest_route=%2Fwp%2Fv2%2Fcomments&post=152"}],"version-history":[{"count":59,"href":"https:\/\/aminoulaouali.com\/index.php?rest_route=\/wp\/v2\/pages\/152\/revisions"}],"predecessor-version":[{"id":3542,"href":"https:\/\/aminoulaouali.com\/index.php?rest_route=\/wp\/v2\/pages\/152\/revisions\/3542"}],"wp:attachment":[{"href":"https:\/\/aminoulaouali.com\/index.php?rest_route=%2Fwp%2Fv2%2Fmedia&parent=152"}],"curies":[{"name":"wp","href":"https:\/\/api.w.org\/{rel}","templated":true}]}}